{"id":23138,"date":"2025-06-23T14:42:56","date_gmt":"2025-06-23T21:42:56","guid":{"rendered":"https:\/\/seahomeschoolers.com\/store\/?post_type=product&#038;p=23138"},"modified":"2026-04-20T00:35:18","modified_gmt":"2026-04-20T07:35:18","slug":"la-agencia-de-detectives-m-c-archivo-2-el-caso-del-modelo-atomico-perdido","status":"publish","type":"product","link":"https:\/\/seahomeschoolers.com\/store\/product\/la-agencia-de-detectives-m-c-archivo-2-el-caso-del-modelo-atomico-perdido\/","title":{"rendered":"La Agencia De Detectives M.C. Archivo 2: El Caso del Modelo (Atomico) Perdido"},"content":{"rendered":"<p>[et_pb_section fb_built=&#8221;1&#8243; _builder_version=&#8221;4.16&#8243; custom_padding=&#8221;0px||||false|false&#8221; global_colors_info=&#8221;{}&#8221;][et_pb_row _builder_version=&#8221;4.16&#8243; background_size=&#8221;initial&#8221; background_position=&#8221;top_left&#8221; background_repeat=&#8221;repeat&#8221; width=&#8221;100%&#8221; custom_padding=&#8221;0px||0px||false|false&#8221; collapsed=&#8221;off&#8221; global_colors_info=&#8221;{}&#8221;][et_pb_column type=&#8221;4_4&#8243; _builder_version=&#8221;4.16&#8243; custom_padding=&#8221;|||&#8221; global_colors_info=&#8221;{}&#8221; custom_padding__hover=&#8221;|||&#8221;][\/et_pb_column][\/et_pb_row][et_pb_row column_structure=&#8221;1_2,1_2&#8243; _builder_version=&#8221;4.16&#8243; background_size=&#8221;initial&#8221; background_position=&#8221;top_left&#8221; background_repeat=&#8221;repeat&#8221; width=&#8221;100%&#8221; custom_padding=&#8221;0px||||false|false&#8221; global_colors_info=&#8221;{}&#8221;][et_pb_column type=&#8221;1_2&#8243; _builder_version=&#8221;4.16&#8243; custom_padding=&#8221;|||&#8221; global_colors_info=&#8221;{}&#8221; custom_padding__hover=&#8221;|||&#8221;][et_pb_wc_images _builder_version=&#8221;4.16&#8243; global_colors_info=&#8221;{}&#8221;][\/et_pb_wc_images][\/et_pb_column][et_pb_column type=&#8221;1_2&#8243; _builder_version=&#8221;4.16&#8243; custom_padding=&#8221;|||&#8221; global_colors_info=&#8221;{}&#8221; custom_padding__hover=&#8221;|||&#8221;][et_pb_wc_title _builder_version=&#8221;4.16&#8243; global_colors_info=&#8221;{}&#8221;][\/et_pb_wc_title][et_pb_wc_price _builder_version=&#8221;4.16&#8243; body_font=&#8221;|700|||||||&#8221; body_font_size=&#8221;28px&#8221; sale_price_font_size=&#8221;32px&#8221; global_colors_info=&#8221;{}&#8221;][\/et_pb_wc_price][et_pb_wc_description admin_label=&#8221;Woo Product Description&#8221; _builder_version=&#8221;4.16&#8243; global_colors_info=&#8221;{}&#8221;][\/et_pb_wc_description][et_pb_wc_add_to_cart _builder_version=&#8221;4.16&#8243; global_colors_info=&#8221;{}&#8221;][\/et_pb_wc_add_to_cart][et_pb_wc_meta _builder_version=&#8221;4.16&#8243; global_colors_info=&#8221;{}&#8221;][\/et_pb_wc_meta][\/et_pb_column][\/et_pb_row][et_pb_row _builder_version=&#8221;4.16&#8243; background_size=&#8221;initial&#8221; background_position=&#8221;top_left&#8221; background_repeat=&#8221;repeat&#8221; width=&#8221;100%&#8221; global_colors_info=&#8221;{}&#8221;][et_pb_column type=&#8221;4_4&#8243; _builder_version=&#8221;4.16&#8243; custom_padding=&#8221;|||&#8221; global_colors_info=&#8221;{}&#8221; custom_padding__hover=&#8221;|||&#8221;][et_pb_wc_tabs _builder_version=&#8221;4.16&#8243; global_colors_info=&#8221;{}&#8221;] [\/et_pb_wc_tabs][et_pb_wc_upsells _builder_version=&#8221;4.16&#8243; global_colors_info=&#8221;{}&#8221;][\/et_pb_wc_upsells][et_pb_wc_related_products _builder_version=&#8221;4.16&#8243; global_colors_info=&#8221;{}&#8221;][\/et_pb_wc_related_products][\/et_pb_column][\/et_pb_row][\/et_pb_section]<\/p>\n","protected":false},"excerpt":{"rendered":"<div class=\"woocommerce-product-details__short-description\">\n<div class=\"woocommerce-product-details__short-description\">\n<p><strong data-start=\"35\" data-end=\"100\">La Agencia de Detectives M.C.: Soluciones Qu\u00edmicas Requeridas<\/strong> es una serie de historietas que ense\u00f1a qu\u00edmica a ni\u00f1os de entre 8 y 108 a\u00f1os. Esta serie, compuesta por m\u00faltiples episodios, incorpora un plan de estudios de qu\u00edmica oculto en las historias de los gemelos Poppi y Ray, quienes resuelven misterios utilizando la qu\u00edmica. Los hermanitos detectives viven muchas aventuras, incluyendo viajes en el tiempo para salvar a las Chicas del Radio, asistir a un concierto de rock para evitar que Van Gogh desaparezca, y nadar dentro de una botella de Chanel No. 5 para encontrar los aldeh\u00eddos escondidos.<\/p>\n<\/div>\n<\/div>\n","protected":false},"featured_media":23140,"comment_status":"open","ping_status":"closed","template":"","meta":{"_et_pb_use_builder":"on","_et_pb_old_content":"<p data-start=\"35\" data-end=\"100\"><strong data-start=\"35\" data-end=\"100\">La Agencia de Detectives M.C.: Soluciones Qu\u00edmicas Requeridas<\/strong><\/p>\r\n<p data-start=\"102\" data-end=\"707\"><em data-start=\"102\" data-end=\"165\">La Agencia de Detectives M.C.: Soluciones Qu\u00edmicas Requeridas<\/em> es una serie de historietas que ense\u00f1a qu\u00edmica a ni\u00f1os de entre 8 y 108 a\u00f1os. Esta serie, compuesta por m\u00faltiples episodios, incorpora un plan de estudios de qu\u00edmica oculto en las historias de los gemelos Poppi y Ray, quienes resuelven misterios utilizando la qu\u00edmica. Los hermanitos detectives viven muchas aventuras, incluyendo viajes en el tiempo para salvar a las Chicas del Radio, asistir a un concierto de rock para evitar que Van Gogh desaparezca, y nadar dentro de una botella de Chanel No. 5 para encontrar los aldeh\u00eddos escondidos.<\/p>\r\n<p data-start=\"709\" data-end=\"888\">La serie de misterios incluidos en estas novelas gr\u00e1ficas sigue la secuencia de los objetivos de aprendizaje de un plan de estudios de qu\u00edmica introductorio a nivel universitario.<\/p>\r\n<p data-start=\"890\" data-end=\"1038\">Los personajes en <em data-start=\"908\" data-end=\"939\">La Agencia de Detectives M.C.<\/em> no son humanos por dise\u00f1o; en cambio, aparentan ser las mol\u00e9culas o los elementos que representan.<\/p>\r\n<p data-start=\"1040\" data-end=\"1457\">\u201cLo hice de esta manera para que los ni\u00f1os pudieran conectar con los personajes, independientemente de su g\u00e9nero o casta, haciendo estas historietas realmente inclusivas,\u201d coment\u00f3 la autora, Dra. Colleen Kelley. Ella agrega que otra raz\u00f3n por la cual los personajes aparentan los elementos o mol\u00e9culas que representan es para lograr que los aprendices puedan acostumbrarse desde temprano a utilizar s\u00edmbolos qu\u00edmicos.<\/p>","_et_gb_content_width":"","content-type":""},"product_brand":[],"product_cat":[20,45,209,23,179],"product_tag":[204,47,178,210,28],"class_list":{"0":"post-23138","1":"product","2":"type-product","3":"status-publish","4":"has-post-thumbnail","6":"product_cat-elementary-school","7":"product_cat-high-school","8":"product_cat-kids-chemical-solutions","9":"product_cat-middle-school","10":"product_cat-new-products","11":"product_tag-elementary-school","12":"product_tag-high-school","13":"product_tag-homeschool","14":"product_tag-kids-chemical-solutions","15":"product_tag-middle-school","17":"first","18":"instock","19":"taxable","20":"shipping-taxable","21":"purchasable","22":"product-type-simple"},"yoast_head":"<!-- This site is optimized with the Yoast SEO Premium plugin v27.4 (Yoast SEO v27.5) - https:\/\/yoast.com\/product\/yoast-seo-premium-wordpress\/ -->\n<title>La Agencia De Detectives M.C. Archivo 2: El Caso del Modelo (Atomico) Perdido<\/title>\n<meta name=\"description\" content=\"La Agencia de Detectives M.C.: Soluciones Qu\u00edmicas Requeridas, es una serie de historietas que ense\u00f1a qu\u00edmica a ni\u00f1os de edades\" \/>\n<meta name=\"robots\" content=\"index, follow, max-snippet:-1, max-image-preview:large, max-video-preview:-1\" \/>\n<link rel=\"canonical\" href=\"https:\/\/seahomeschoolers.com\/store\/product\/la-agencia-de-detectives-m-c-archivo-2-el-caso-del-modelo-atomico-perdido\/\" \/>\n<meta property=\"og:locale\" content=\"en_US\" \/>\n<meta property=\"og:type\" content=\"article\" \/>\n<meta property=\"og:title\" content=\"La Agencia De Detectives M.C. Archivo 2: El Caso del Modelo (Atomico) Perdido\" \/>\n<meta property=\"og:description\" content=\"La Agencia de Detectives M.C.: Soluciones Qu\u00edmicas Requeridas, es una serie de historietas que ense\u00f1a qu\u00edmica a ni\u00f1os de edades\" \/>\n<meta property=\"og:url\" content=\"https:\/\/seahomeschoolers.com\/store\/product\/la-agencia-de-detectives-m-c-archivo-2-el-caso-del-modelo-atomico-perdido\/\" \/>\n<meta property=\"og:site_name\" content=\"SEA Books &amp; More\" \/>\n<meta property=\"article:modified_time\" content=\"2026-04-20T07:35:18+00:00\" \/>\n<meta property=\"og:image\" content=\"https:\/\/seahomeschoolers.com\/store\/wp-content\/uploads\/sites\/2\/2025\/06\/426102-Spanish-file-2.png\" \/>\n\t<meta property=\"og:image:width\" content=\"1000\" \/>\n\t<meta property=\"og:image:height\" content=\"1000\" \/>\n\t<meta property=\"og:image:type\" content=\"image\/png\" \/>\n<meta name=\"twitter:card\" content=\"summary_large_image\" \/>\n<meta name=\"twitter:label1\" content=\"Price\" \/>\n\t<meta name=\"twitter:data1\" content=\"&#036;13.98\" \/>\n\t<meta name=\"twitter:label2\" content=\"Availability\" \/>\n\t<meta name=\"twitter:data2\" content=\"In stock\" \/>\n<script type=\"application\/ld+json\" class=\"yoast-schema-graph\">{\"@context\":\"https:\\\/\\\/schema.org\",\"@graph\":[{\"@type\":\"WebPage\",\"@id\":\"https:\\\/\\\/seahomeschoolers.com\\\/store\\\/product\\\/la-agencia-de-detectives-m-c-archivo-2-el-caso-del-modelo-atomico-perdido\\\/\",\"url\":\"https:\\\/\\\/seahomeschoolers.com\\\/store\\\/product\\\/la-agencia-de-detectives-m-c-archivo-2-el-caso-del-modelo-atomico-perdido\\\/\",\"name\":\"La Agencia De Detectives M.C. Archivo 2: El Caso del Modelo (Atomico) Perdido\",\"isPartOf\":{\"@id\":\"https:\\\/\\\/seahomeschoolers.com\\\/store\\\/#website\"},\"primaryImageOfPage\":{\"@id\":\"https:\\\/\\\/seahomeschoolers.com\\\/store\\\/product\\\/la-agencia-de-detectives-m-c-archivo-2-el-caso-del-modelo-atomico-perdido\\\/#primaryimage\"},\"image\":{\"@id\":\"https:\\\/\\\/seahomeschoolers.com\\\/store\\\/product\\\/la-agencia-de-detectives-m-c-archivo-2-el-caso-del-modelo-atomico-perdido\\\/#primaryimage\"},\"thumbnailUrl\":\"https:\\\/\\\/seahomeschoolers.com\\\/store\\\/wp-content\\\/uploads\\\/sites\\\/2\\\/2025\\\/06\\\/426102-Spanish-file-2.png\",\"datePublished\":\"2025-06-23T21:42:56+00:00\",\"dateModified\":\"2026-04-20T07:35:18+00:00\",\"description\":\"La Agencia de Detectives M.C.: Soluciones Qu\u00edmicas Requeridas, es una serie de historietas que ense\u00f1a qu\u00edmica a ni\u00f1os de edades\",\"breadcrumb\":{\"@id\":\"https:\\\/\\\/seahomeschoolers.com\\\/store\\\/product\\\/la-agencia-de-detectives-m-c-archivo-2-el-caso-del-modelo-atomico-perdido\\\/#breadcrumb\"},\"inLanguage\":\"en-US\",\"potentialAction\":[{\"@type\":\"ReadAction\",\"target\":[\"https:\\\/\\\/seahomeschoolers.com\\\/store\\\/product\\\/la-agencia-de-detectives-m-c-archivo-2-el-caso-del-modelo-atomico-perdido\\\/\"]}]},{\"@type\":\"ImageObject\",\"inLanguage\":\"en-US\",\"@id\":\"https:\\\/\\\/seahomeschoolers.com\\\/store\\\/product\\\/la-agencia-de-detectives-m-c-archivo-2-el-caso-del-modelo-atomico-perdido\\\/#primaryimage\",\"url\":\"https:\\\/\\\/seahomeschoolers.com\\\/store\\\/wp-content\\\/uploads\\\/sites\\\/2\\\/2025\\\/06\\\/426102-Spanish-file-2.png\",\"contentUrl\":\"https:\\\/\\\/seahomeschoolers.com\\\/store\\\/wp-content\\\/uploads\\\/sites\\\/2\\\/2025\\\/06\\\/426102-Spanish-file-2.png\",\"width\":1000,\"height\":1000},{\"@type\":\"BreadcrumbList\",\"@id\":\"https:\\\/\\\/seahomeschoolers.com\\\/store\\\/product\\\/la-agencia-de-detectives-m-c-archivo-2-el-caso-del-modelo-atomico-perdido\\\/#breadcrumb\",\"itemListElement\":[{\"@type\":\"ListItem\",\"position\":1,\"name\":\"Home\",\"item\":\"https:\\\/\\\/seahomeschoolers.com\\\/store\\\/\"},{\"@type\":\"ListItem\",\"position\":2,\"name\":\"Shop\",\"item\":\"https:\\\/\\\/seahomeschoolers.com\\\/store\\\/shop\\\/\"},{\"@type\":\"ListItem\",\"position\":3,\"name\":\"La Agencia De Detectives M.C. Archivo 2: El Caso del Modelo (Atomico) Perdido\"}]},{\"@type\":\"WebSite\",\"@id\":\"https:\\\/\\\/seahomeschoolers.com\\\/store\\\/#website\",\"url\":\"https:\\\/\\\/seahomeschoolers.com\\\/store\\\/\",\"name\":\"SEA Books &amp; More\",\"description\":\"Innovative Academic Homeschooling Materials\",\"potentialAction\":[{\"@type\":\"SearchAction\",\"target\":{\"@type\":\"EntryPoint\",\"urlTemplate\":\"https:\\\/\\\/seahomeschoolers.com\\\/store\\\/?s={search_term_string}\"},\"query-input\":{\"@type\":\"PropertyValueSpecification\",\"valueRequired\":true,\"valueName\":\"search_term_string\"}}],\"inLanguage\":\"en-US\"}]}<\/script>\n<meta property=\"product:price:amount\" content=\"13.98\" \/>\n<meta property=\"product:price:currency\" content=\"USD\" \/>\n<meta property=\"og:availability\" content=\"instock\" \/>\n<meta property=\"product:availability\" content=\"instock\" \/>\n<meta property=\"product:retailer_item_id\" content=\"1409-15\" \/>\n<meta property=\"product:condition\" content=\"new\" \/>\n<!-- \/ Yoast SEO Premium plugin. -->","yoast_head_json":{"title":"La Agencia De Detectives M.C. Archivo 2: El Caso del Modelo (Atomico) Perdido","description":"La Agencia de Detectives M.C.: Soluciones Qu\u00edmicas Requeridas, es una serie de historietas que ense\u00f1a qu\u00edmica a ni\u00f1os de edades","robots":{"index":"index","follow":"follow","max-snippet":"max-snippet:-1","max-image-preview":"max-image-preview:large","max-video-preview":"max-video-preview:-1"},"canonical":"https:\/\/seahomeschoolers.com\/store\/product\/la-agencia-de-detectives-m-c-archivo-2-el-caso-del-modelo-atomico-perdido\/","og_locale":"en_US","og_type":"article","og_title":"La Agencia De Detectives M.C. Archivo 2: El Caso del Modelo (Atomico) Perdido","og_description":"La Agencia de Detectives M.C.: Soluciones Qu\u00edmicas Requeridas, es una serie de historietas que ense\u00f1a qu\u00edmica a ni\u00f1os de edades","og_url":"https:\/\/seahomeschoolers.com\/store\/product\/la-agencia-de-detectives-m-c-archivo-2-el-caso-del-modelo-atomico-perdido\/","og_site_name":"SEA Books &amp; More","article_modified_time":"2026-04-20T07:35:18+00:00","og_image":[{"width":1000,"height":1000,"url":"https:\/\/seahomeschoolers.com\/store\/wp-content\/uploads\/sites\/2\/2025\/06\/426102-Spanish-file-2.png","type":"image\/png"}],"twitter_card":"summary_large_image","twitter_misc":{"Price":"&#36;13.98","Availability":"In stock"},"schema":{"@context":"https:\/\/schema.org","@graph":[{"@type":"WebPage","@id":"https:\/\/seahomeschoolers.com\/store\/product\/la-agencia-de-detectives-m-c-archivo-2-el-caso-del-modelo-atomico-perdido\/","url":"https:\/\/seahomeschoolers.com\/store\/product\/la-agencia-de-detectives-m-c-archivo-2-el-caso-del-modelo-atomico-perdido\/","name":"La Agencia De Detectives M.C. Archivo 2: El Caso del Modelo (Atomico) Perdido","isPartOf":{"@id":"https:\/\/seahomeschoolers.com\/store\/#website"},"primaryImageOfPage":{"@id":"https:\/\/seahomeschoolers.com\/store\/product\/la-agencia-de-detectives-m-c-archivo-2-el-caso-del-modelo-atomico-perdido\/#primaryimage"},"image":{"@id":"https:\/\/seahomeschoolers.com\/store\/product\/la-agencia-de-detectives-m-c-archivo-2-el-caso-del-modelo-atomico-perdido\/#primaryimage"},"thumbnailUrl":"https:\/\/seahomeschoolers.com\/store\/wp-content\/uploads\/sites\/2\/2025\/06\/426102-Spanish-file-2.png","datePublished":"2025-06-23T21:42:56+00:00","dateModified":"2026-04-20T07:35:18+00:00","description":"La Agencia de Detectives M.C.: Soluciones Qu\u00edmicas Requeridas, es una serie de historietas que ense\u00f1a qu\u00edmica a ni\u00f1os de edades","breadcrumb":{"@id":"https:\/\/seahomeschoolers.com\/store\/product\/la-agencia-de-detectives-m-c-archivo-2-el-caso-del-modelo-atomico-perdido\/#breadcrumb"},"inLanguage":"en-US","potentialAction":[{"@type":"ReadAction","target":["https:\/\/seahomeschoolers.com\/store\/product\/la-agencia-de-detectives-m-c-archivo-2-el-caso-del-modelo-atomico-perdido\/"]}]},{"@type":"ImageObject","inLanguage":"en-US","@id":"https:\/\/seahomeschoolers.com\/store\/product\/la-agencia-de-detectives-m-c-archivo-2-el-caso-del-modelo-atomico-perdido\/#primaryimage","url":"https:\/\/seahomeschoolers.com\/store\/wp-content\/uploads\/sites\/2\/2025\/06\/426102-Spanish-file-2.png","contentUrl":"https:\/\/seahomeschoolers.com\/store\/wp-content\/uploads\/sites\/2\/2025\/06\/426102-Spanish-file-2.png","width":1000,"height":1000},{"@type":"BreadcrumbList","@id":"https:\/\/seahomeschoolers.com\/store\/product\/la-agencia-de-detectives-m-c-archivo-2-el-caso-del-modelo-atomico-perdido\/#breadcrumb","itemListElement":[{"@type":"ListItem","position":1,"name":"Home","item":"https:\/\/seahomeschoolers.com\/store\/"},{"@type":"ListItem","position":2,"name":"Shop","item":"https:\/\/seahomeschoolers.com\/store\/shop\/"},{"@type":"ListItem","position":3,"name":"La Agencia De Detectives M.C. Archivo 2: El Caso del Modelo (Atomico) Perdido"}]},{"@type":"WebSite","@id":"https:\/\/seahomeschoolers.com\/store\/#website","url":"https:\/\/seahomeschoolers.com\/store\/","name":"SEA Books &amp; More","description":"Innovative Academic Homeschooling Materials","potentialAction":[{"@type":"SearchAction","target":{"@type":"EntryPoint","urlTemplate":"https:\/\/seahomeschoolers.com\/store\/?s={search_term_string}"},"query-input":{"@type":"PropertyValueSpecification","valueRequired":true,"valueName":"search_term_string"}}],"inLanguage":"en-US"}]},"product_price_amount":"13.98","product_price_currency":"USD","og_availability":"instock","product_availability":"instock","product_retailer_item_id":"1409-15","product_condition":"new"},"_links":{"self":[{"href":"https:\/\/seahomeschoolers.com\/store\/wp-json\/wp\/v2\/product\/23138","targetHints":{"allow":["GET"]}}],"collection":[{"href":"https:\/\/seahomeschoolers.com\/store\/wp-json\/wp\/v2\/product"}],"about":[{"href":"https:\/\/seahomeschoolers.com\/store\/wp-json\/wp\/v2\/types\/product"}],"replies":[{"embeddable":true,"href":"https:\/\/seahomeschoolers.com\/store\/wp-json\/wp\/v2\/comments?post=23138"}],"wp:featuredmedia":[{"embeddable":true,"href":"https:\/\/seahomeschoolers.com\/store\/wp-json\/wp\/v2\/media\/23140"}],"wp:attachment":[{"href":"https:\/\/seahomeschoolers.com\/store\/wp-json\/wp\/v2\/media?parent=23138"}],"wp:term":[{"taxonomy":"product_brand","embeddable":true,"href":"https:\/\/seahomeschoolers.com\/store\/wp-json\/wp\/v2\/product_brand?post=23138"},{"taxonomy":"product_cat","embeddable":true,"href":"https:\/\/seahomeschoolers.com\/store\/wp-json\/wp\/v2\/product_cat?post=23138"},{"taxonomy":"product_tag","embeddable":true,"href":"https:\/\/seahomeschoolers.com\/store\/wp-json\/wp\/v2\/product_tag?post=23138"}],"curies":[{"name":"wp","href":"https:\/\/api.w.org\/{rel}","templated":true}]}}